{"id":5,"date":"2018-10-13T22:40:51","date_gmt":"2018-10-14T05:40:51","guid":{"rendered":"https:\/\/rockymountainscots.com\/?page_id=5"},"modified":"2026-02-13T11:29:38","modified_gmt":"2026-02-13T18:29:38","slug":"about-us","status":"publish","type":"page","link":"https:\/\/rockymountainscots.com\/","title":{"rendered":"Home ~ About Us"},"content":{"rendered":"<p style=\"text-align: center;\"><img loading=\"lazy\" decoding=\"async\" class=\"alignnone size-full wp-image-4117\" src=\"https:\/\/rockymountainscots.com\/wp-content\/uploads\/2026\/02\/Group2026RBD6.jpg\" alt=\"\" width=\"1500\" height=\"523\" srcset=\"https:\/\/rockymountainscots.com\/wp-content\/uploads\/2026\/02\/Group2026RBD6.jpg 1500w, https:\/\/rockymountainscots.com\/wp-content\/uploads\/2026\/02\/Group2026RBD6-300x105.jpg 300w, https:\/\/rockymountainscots.com\/wp-content\/uploads\/2026\/02\/Group2026RBD6-1024x357.jpg 1024w, https:\/\/rockymountainscots.com\/wp-content\/uploads\/2026\/02\/Group2026RBD6-768x268.jpg 768w, https:\/\/rockymountainscots.com\/wp-content\/uploads\/2026\/02\/Group2026RBD6-850x296.jpg 850w\" sizes=\"auto, (max-width: 1500px) 100vw, 1500px\" \/>Burns Dinner January 2026<\/p>\n<p><strong><img loading=\"lazy\" decoding=\"async\" class=\"alignnone size-medium wp-image-3477 aligncenter\" src=\"https:\/\/rockymountainscots.com\/wp-content\/uploads\/2025\/04\/Arrow-1-300x27.gif\" alt=\"\" width=\"300\" height=\"27\" \/><\/strong><\/p>\n<p style=\"text-align: center;\"><span style=\"color: #000000;\"><strong>C\u00e9ad m\u00edle f\u00e1ilte<\/strong><br \/>&#8216;A hundred thousand welcomes&#8217;<\/span><\/p>\n<p>The Clan Donnachaidh Society of the Rocky Mountains was established in Colorado on May 15, 1986. The inaugural meeting included Robert H. Baskin as President, Barbara Bromgard as Vice-President\/Treasurer and Curtis W Roberts as Secretary.\u00a0 Locally known as<strong> Clan Donnachaidh,<\/strong>\u00a0was started to assist those individuals and families seeking to connect with their Scottish ancestry and gather locally to celebrate this \u201ckinship\u201d and to preserve our rich heritage. The branch is located in Colorado but has members throughout Colorado, Nebraska, New Mexico, Texas, Utah, and Wyoming, even reaching to Indiana and Maryland. Members of the Society participate as elected officers, council members, volunteers at local festivals and games and attend a variety of branch related events throughout the year. The council organizes a variety of events picnics, dinners and other social gatherings for the benefit of it\u2019s members. It also represents our clan at the different Highland Games that are held around the state each year.<\/p>\n<p>We encourage anyone to participate in the celebration of our Scottish heritage.\u00a0 We find the more you get involved and participate in our events and committees, the more enjoyment and fun you will have.<\/p>\n<p>Our branch is sanctioned by <strong>The International Society of Clan Donnachaidh<\/strong> founded in 1893 and then was revived in 1948. Lead by current Chief of the Clan, Alexander Gilbert Haldane Robertson of Struan, they maintain the traditions of uniting the Clans throughout the world. It manages the benevolent fund which helps relieve financial hardship among members, and the charitable funds; maintains the Clan&#8217;s DNA project; manages the trust which provides an endowment for the Clan Donnachaidh Museum which is located in Pitlochry, Perthshire, Scotland, UK. Members from all over the world gather at the museum each year for Annual General Meeting for business and social meetings.<\/p>\n\n\n<figure class=\"wp-block-image size-full\"><img loading=\"lazy\" decoding=\"async\" width=\"517\" height=\"351\" src=\"https:\/\/rockymountainscots.com\/wp-content\/uploads\/2025\/10\/FWR6.jpg\" alt=\"\" class=\"wp-image-4012\" srcset=\"https:\/\/rockymountainscots.com\/wp-content\/uploads\/2025\/10\/FWR6.jpg 517w, https:\/\/rockymountainscots.com\/wp-content\/uploads\/2025\/10\/FWR6-300x204.jpg 300w\" sizes=\"auto, (max-width: 517px) 100vw, 517px\" \/><\/figure>\n\n\n\n<p><\/p>\n","protected":false},"excerpt":{"rendered":"<p>Burns Dinner January 2026 C\u00e9ad m\u00edle f\u00e1ilte&#8216;A hundred thousand welcomes&#8217; The Clan Donnachaidh Society of the Rocky Mountains was established in Colorado on May 15, 1986. The inaugural meeting included Robert H. Baskin as President, Barbara Bromgard as Vice-President\/Treasurer and Curtis W Roberts as Secretary.\u00a0 Locally known as Clan Donnachaidh,\u00a0was started to assist those individuals&#8230;<\/p>\n","protected":false},"author":1,"featured_media":0,"parent":0,"menu_order":0,"comment_status":"closed","ping_status":"closed","template":"","meta":{"jetpack_post_was_ever_published":false,"footnotes":""},"class_list":["post-5","page","type-page","status-publish","hentry"],"jetpack_sharing_enabled":true,"jetpack_shortlink":"https:\/\/wp.me\/PaXsCz-5","_links":{"self":[{"href":"https:\/\/rockymountainscots.com\/index.php\/wp-json\/wp\/v2\/pages\/5","targetHints":{"allow":["GET"]}}],"collection":[{"href":"https:\/\/rockymountainscots.com\/index.php\/wp-json\/wp\/v2\/pages"}],"about":[{"href":"https:\/\/rockymountainscots.com\/index.php\/wp-json\/wp\/v2\/types\/page"}],"author":[{"embeddable":true,"href":"https:\/\/rockymountainscots.com\/index.php\/wp-json\/wp\/v2\/users\/1"}],"replies":[{"embeddable":true,"href":"https:\/\/rockymountainscots.com\/index.php\/wp-json\/wp\/v2\/comments?post=5"}],"version-history":[{"count":56,"href":"https:\/\/rockymountainscots.com\/index.php\/wp-json\/wp\/v2\/pages\/5\/revisions"}],"predecessor-version":[{"id":4119,"href":"https:\/\/rockymountainscots.com\/index.php\/wp-json\/wp\/v2\/pages\/5\/revisions\/4119"}],"wp:attachment":[{"href":"https:\/\/rockymountainscots.com\/index.php\/wp-json\/wp\/v2\/media?parent=5"}],"curies":[{"name":"wp","href":"https:\/\/api.w.org\/{rel}","templated":true}]}}